{"id":982,"date":"2020-12-10T17:49:24","date_gmt":"2020-12-10T17:49:24","guid":{"rendered":"https:\/\/www.promanelektronik.com\/?page_id=982"},"modified":"2022-07-03T00:08:59","modified_gmt":"2022-07-03T00:08:59","slug":"elektronisches-schaltungsdesign-fe","status":"publish","type":"page","link":"https:\/\/www.promanelektronik.com\/de\/elektronisches-schaltungsdesign-fe\/","title":{"rendered":"ELEKTRONISCHES SCHALTUNGSDESIGN F&#038;E"},"content":{"rendered":"\t\t<div data-elementor-type=\"wp-page\" data-elementor-id=\"982\" class=\"elementor elementor-982\">\n\t\t\t\t\t\t<div class=\"elementor-inner\">\n\t\t\t\t<div class=\"elementor-section-wrap\">\n\t\t\t\t\t\t\t\t\t<section class=\"elementor-section elementor-top-section elementor-element elementor-element-d1e399b elementor-section-boxed elementor-section-height-default elementor-section-height-default parallax_section_no qode_elementor_container_no\" data-id=\"d1e399b\" data-element_type=\"section\">\n\t\t\t\t\t\t<div class=\"elementor-container elementor-column-gap-default\">\n\t\t\t\t\t\t\t<div class=\"elementor-row\">\n\t\t\t\t\t<div class=\"elementor-column elementor-col-100 elementor-top-column elementor-element elementor-element-123ad7b\" data-id=\"123ad7b\" data-element_type=\"column\">\n\t\t\t<div class=\"elementor-column-wrap elementor-element-populated\">\n\t\t\t\t\t\t\t<div class=\"elementor-widget-wrap\">\n\t\t\t\t\t\t<div class=\"elementor-element elementor-element-2317ea9 elementor-widget elementor-widget-text-editor\" data-id=\"2317ea9\" data-element_type=\"widget\" data-widget_type=\"text-editor.default\">\n\t\t\t\t<div class=\"elementor-widget-container\">\n\t\t\t\t\t\t\t\t<div class=\"elementor-text-editor elementor-clearfix\">\n\t\t\t\t<div class=\"wpb_text_column wpb_content_element \" style=\"clear: both; caret-color: rgb(119, 119, 119); color: rgb(119, 119, 119); font-family: Poppins, arial, sans-serif;\">\n<div class=\"wpb_wrapper\">\n<p style=\"margin-bottom: 20px;\">Ausgehend vom Entwurfsprozess von Projekten sind wir in allen Phasen der Produktion t\u00e4tig. Wir beteiligen uns an Projekten mit unserer F&amp;E-Unterst\u00fctzung in den Entwicklungsprozessen der Projekte gem\u00e4\u00df den Qualit\u00e4tssystemen.<\/p>\n<p style=\"margin-bottom: 20px;\">Wir arbeiten im Team, um die Weiterentwicklung des Projekts mit kreativen Innovationen dank unserer 35-j\u00e4hrigen Erfahrung zu gew\u00e4hrleisten. Unser Hauptziel ist es, optimale L\u00f6sungen f\u00fcr Probleme zu finden und Risiken zu minimieren, indem wir detailliert an Risikofaktoren arbeiten.<\/p>\n<p style=\"margin-bottom: 20px;\">Wir erh\u00f6hen die Wettbewerbschancen, indem wir sorgf\u00e4ltige Studien durchf\u00fchren, um die Arbeits- und Rohstoffkosten zu senken und Zeit \/ Energie zu sparen.<\/p>\n<p style=\"margin-bottom: 20px;\">Wir verwalten weiterhin erfolgreich Lieferketten und Lieferkomponenten und verwalten Lagerbest\u00e4nde gem\u00e4\u00df unseren Zielen.<\/p>\n<p>Mit der aktuellen fortschrittlichen Ausr\u00fcstung und dem erfahrenen Team unseres Unternehmens, das stetig neue Investitionen t\u00e4tigt, bedienen wir Kunden in den Bereichen Montage, Endtest und schlie\u00dflich Verpackung, nachdem die Projekte mit Smd- und Th-Best\u00fcckung abgeschlossen wurden<\/p><p><br><\/p>\n<\/div>\n<\/div>\n<div class=\"vc_separator wpb_content_element vc_separator_align_center vc_sep_width_100 vc_sep_pos_align_center vc_sep_color_grey vc_separator-has-text\" style=\"width: 1200px; caret-color: rgb(119, 119, 119); color: rgb(119, 119, 119); font-family: Poppins, arial, sans-serif;\"><p><span class=\"vc_sep_holder vc_sep_holder_l\"><span class=\"vc_sep_line\" style=\"width: 539.671875px;\"><\/span><\/span><\/p>\n<h4 style=\"font-family: inherit; font-weight: 400; color: rgb(119, 119, 119); font-size: 14px;\">F&amp;E-PROZESSE<\/h4>\n<p><span class=\"vc_sep_holder vc_sep_holder_r\"><span class=\"vc_sep_line\" style=\"width: 539.671875px;\"><\/span><\/span><\/p><\/div>\n<div class=\"vc_row wpb_row vc_inner vc_row-fluid\" style=\"position: relative; caret-color: rgb(119, 119, 119); color: rgb(119, 119, 119); font-family: Poppins, arial, sans-serif;\">\n<div class=\"wpb_column vc_column_container vc_col-sm-6\" style=\"width: 615px;\">\n<div class=\"vc_column-inner \" style=\"width: 615px;\">\n<div class=\"wpb_wrapper\">\n<div class=\"wpb_text_column wpb_content_element \" style=\"clear: both;\">\n<div class=\"wpb_wrapper\">\n<ul>\n<li style=\"font-family: Poppins, Arial, sans-serif;\">Starten von Entwurfsprozessen f\u00fcr elektronische Schaltungen<\/li>\n<li style=\"font-family: Poppins, Arial, sans-serif;\">Projektdatenerstellung der zu entwerfenden elektronischen Schaltung<\/li>\n<li style=\"font-family: Poppins, Arial, sans-serif;\">Herstellung alternativer L\u00f6sungen f\u00fcr elektronische Schaltungen<\/li>\n<li style=\"font-family: Poppins, Arial, sans-serif;\">Kostenanalyse des entworfenen elektronischen Schaltungsprojekts<\/li>\n<\/ul>\n<\/div>\n<\/div>\n<\/div>\n<\/div>\n<\/div>\n<div class=\"wpb_column vc_column_container vc_col-sm-6\" style=\"width: 615px;\">\n<div class=\"vc_column-inner \" style=\"width: 615px;\">\n<div class=\"wpb_wrapper\">\n<div class=\"wpb_text_column wpb_content_element \" style=\"clear: both;\">\n<div class=\"wpb_wrapper\">\n<ul>\n<li style=\"font-family: Poppins, Arial, sans-serif;\">Proben und Tests der elektronischen Schaltung, deren Entwurf abgeschlossen wurde<\/li>\n<li style=\"font-family: Poppins, Arial, sans-serif;\">Zus\u00e4tzliche Anfragen \/ \u00c4nderungen vornehmen<\/li>\n<li style=\"font-family: Poppins, Arial, sans-serif;\">Studien zu Zertifizierungen wie CE T\u00dcV VDE TSE VB<\/li>\n<li style=\"font-family: Poppins, Arial, sans-serif;\">Genehmigung der elektronischen Schaltung, deren Entwurf abgeschlossen wurde<\/li>\n<\/ul>\n<\/div>\n<\/div>\n<\/div>\n<\/div>\n<\/div>\n<\/div>\t\t\t\t\t<\/div>\n\t\t\t\t\t\t<\/div>\n\t\t\t\t<\/div>\n\t\t\t\t\t\t<\/div>\n\t\t\t\t\t<\/div>\n\t\t<\/div>\n\t\t\t\t\t\t\t\t<\/div>\n\t\t\t\t\t<\/div>\n\t\t<\/section>\n\t\t\t\t\t\t\t\t\t<\/div>\n\t\t\t<\/div>\n\t\t\t\t\t<\/div>\n\t\t","protected":false},"excerpt":{"rendered":"<p>Ausgehend vom Entwurfsprozess von Projekten sind wir in allen Phasen der Produktion t\u00e4tig. Wir beteiligen uns an Projekten mit unserer F&amp;E-Unterst\u00fctzung in den Entwicklungsprozessen der Projekte gem\u00e4\u00df den Qualit\u00e4tssystemen. Wir arbeiten im Team, um die Weiterentwicklung des Projekts mit kreativen Innovationen dank unserer 35-j\u00e4hrigen Erfahrung&#8230;<\/p>\n","protected":false},"author":1,"featured_media":0,"parent":0,"menu_order":0,"comment_status":"closed","ping_status":"closed","template":"","meta":[],"_links":{"self":[{"href":"https:\/\/www.promanelektronik.com\/de\/wp-json\/wp\/v2\/pages\/982"}],"collection":[{"href":"https:\/\/www.promanelektronik.com\/de\/wp-json\/wp\/v2\/pages"}],"about":[{"href":"https:\/\/www.promanelektronik.com\/de\/wp-json\/wp\/v2\/types\/page"}],"author":[{"embeddable":true,"href":"https:\/\/www.promanelektronik.com\/de\/wp-json\/wp\/v2\/users\/1"}],"replies":[{"embeddable":true,"href":"https:\/\/www.promanelektronik.com\/de\/wp-json\/wp\/v2\/comments?post=982"}],"version-history":[{"count":7,"href":"https:\/\/www.promanelektronik.com\/de\/wp-json\/wp\/v2\/pages\/982\/revisions"}],"predecessor-version":[{"id":1000,"href":"https:\/\/www.promanelektronik.com\/de\/wp-json\/wp\/v2\/pages\/982\/revisions\/1000"}],"wp:attachment":[{"href":"https:\/\/www.promanelektronik.com\/de\/wp-json\/wp\/v2\/media?parent=982"}],"curies":[{"name":"wp","href":"https:\/\/api.w.org\/{rel}","templated":true}]}}