{"id":162,"date":"2016-02-22T15:39:17","date_gmt":"2016-02-22T15:39:17","guid":{"rendered":"https:\/\/bridge9.qodeinteractive.com\/?page_id=162"},"modified":"2025-12-08T14:09:48","modified_gmt":"2025-12-08T14:09:48","slug":"iletisim","status":"publish","type":"page","link":"https:\/\/www.promanelektronik.com\/tr\/iletisim\/","title":{"rendered":"\u0130LET\u0130\u015e\u0130M"},"content":{"rendered":"<p>[vc_row css_animation=&#8221;&#8221; row_type=&#8221;row&#8221; use_row_as_full_screen_section=&#8221;no&#8221; type=&#8221;grid&#8221; angled_section=&#8221;no&#8221; text_align=&#8221;left&#8221; background_image_as_pattern=&#8221;without_pattern&#8221; css=&#8221;.vc_custom_1456155795404{padding-top: 118px !important;}&#8221;][vc_column][vc_column_text]<\/p>\n<div class=\"column1 footer_col1\">\n<div class=\"column_inner\">\n<div id=\"text-2\" class=\"widget widget_text\">\n<h5>PROMAN ELEKTON\u0130K SANAY\u0130 T\u0130CARET A.\u015e.<\/h5>\n<div class=\"textwidget\"><a href=\"mailto:yavuz.muslu@promanelektronik.com\">yavuz.muslu@promanelektronik.com<\/a><br \/>\n<a href=\"tel:+905306648912\">+(90) 530 664 89 12<\/a><\/div>\n<\/div>\n<\/div>\n<\/div>\n<div class=\"column2 footer_col2\">\n<div class=\"column_inner\">\n<div id=\"text-3\" class=\"widget widget_text\">\n<h5><\/h5>\n<h5>MERKEZ<\/h5>\n<div class=\"textwidget\">\n<div class=\"textwidget\">Ata\u015fehir \/ \u0130stanbul \/ T\u00fcrkiye<\/div>\n<\/div>\n<\/div>\n<\/div>\n<\/div>\n<div class=\"column3 footer_col3\">\n<div class=\"column_inner\">\n<div id=\"text-4\" class=\"widget widget_text\">\n<div><\/div>\n<\/div>\n<\/div>\n<\/div>\n<p>&nbsp;<\/p>\n<div class=\"column4 footer_col4\">\n<div class=\"column_inner\">\n<div id=\"text-6\" class=\"widget widget_text\">\n<div class=\"textwidget\"><\/div>\n<\/div>\n<\/div>\n<\/div>\n<p>[\/vc_column_text][vc_separator type=&#8221;transparent&#8221; thickness=&#8221;0&#8243; up=&#8221;32&#8243; down=&#8221;0&#8243;][\/vc_column][\/vc_row]<\/p>\n","protected":false},"excerpt":{"rendered":"<p>[vc_row css_animation=&#8221;&#8221; row_type=&#8221;row&#8221; use_row_as_full_screen_section=&#8221;no&#8221; type=&#8221;grid&#8221; angled_section=&#8221;no&#8221; text_align=&#8221;left&#8221; background_image_as_pattern=&#8221;without_pattern&#8221; css=&#8221;.vc_custom_1456155795404{padding-top: 118px !important;}&#8221;][vc_column][vc_column_text] PROMAN ELEKTON\u0130K SANAY\u0130 T\u0130CARET A.\u015e. yavuz.muslu@promanelektronik.com +(90) 530 664 89 12 MERKEZ Ata\u015fehir \/ \u0130stanbul \/ T\u00fcrkiye &nbsp; [\/vc_column_text][vc_separator type=&#8221;transparent&#8221; thickness=&#8221;0&#8243; up=&#8221;32&#8243; down=&#8221;0&#8243;][\/vc_column][\/vc_row]<\/p>\n","protected":false},"author":1,"featured_media":0,"parent":0,"menu_order":0,"comment_status":"closed","ping_status":"closed","template":"full_width.php","meta":[],"_links":{"self":[{"href":"https:\/\/www.promanelektronik.com\/tr\/wp-json\/wp\/v2\/pages\/162"}],"collection":[{"href":"https:\/\/www.promanelektronik.com\/tr\/wp-json\/wp\/v2\/pages"}],"about":[{"href":"https:\/\/www.promanelektronik.com\/tr\/wp-json\/wp\/v2\/types\/page"}],"author":[{"embeddable":true,"href":"https:\/\/www.promanelektronik.com\/tr\/wp-json\/wp\/v2\/users\/1"}],"replies":[{"embeddable":true,"href":"https:\/\/www.promanelektronik.com\/tr\/wp-json\/wp\/v2\/comments?post=162"}],"version-history":[{"count":20,"href":"https:\/\/www.promanelektronik.com\/tr\/wp-json\/wp\/v2\/pages\/162\/revisions"}],"predecessor-version":[{"id":1043,"href":"https:\/\/www.promanelektronik.com\/tr\/wp-json\/wp\/v2\/pages\/162\/revisions\/1043"}],"wp:attachment":[{"href":"https:\/\/www.promanelektronik.com\/tr\/wp-json\/wp\/v2\/media?parent=162"}],"curies":[{"name":"wp","href":"https:\/\/api.w.org\/{rel}","templated":true}]}}